{"id":1882,"date":"2022-03-21T04:01:42","date_gmt":"2022-03-21T11:01:42","guid":{"rendered":"https:\/\/pavecommute.app\/\/impressum\/"},"modified":"2024-09-02T23:39:59","modified_gmt":"2024-09-03T06:39:59","slug":"impressum","status":"publish","type":"page","link":"https:\/\/pavecommute.app\/de\/impressum\/","title":{"rendered":"Impressum"},"content":{"rendered":"\t\t<div data-elementor-type=\"wp-page\" data-elementor-id=\"1882\" class=\"elementor elementor-1882 elementor-1364\" data-elementor-settings=\"{&quot;ha_cmc_init_switcher&quot;:&quot;no&quot;}\" data-elementor-post-type=\"page\">\n\t\t\t\t\t\t<section class=\"elementor-section elementor-top-section elementor-element elementor-element-1f5aab9 elementor-section-boxed elementor-section-height-default elementor-section-height-default\" data-id=\"1f5aab9\" data-element_type=\"section\">\n\t\t\t\t\t\t<div class=\"elementor-container elementor-column-gap-default\">\n\t\t\t\t\t<div class=\"elementor-column elementor-col-50 elementor-top-column elementor-element elementor-element-2bc7606\" data-id=\"2bc7606\" data-element_type=\"column\">\n\t\t\t<div class=\"elementor-widget-wrap elementor-element-populated\">\n\t\t\t\t\t\t<div class=\"elementor-element elementor-element-b67ceb0 elementor-widget-divider--view-line elementor-widget elementor-widget-divider\" data-id=\"b67ceb0\" data-element_type=\"widget\" data-widget_type=\"divider.default\">\n\t\t\t\t<div class=\"elementor-widget-container\">\n\t\t\t\t\t\t\t<div class=\"elementor-divider\">\n\t\t\t<span class=\"elementor-divider-separator\">\n\t\t\t\t\t\t<\/span>\n\t\t<\/div>\n\t\t\t\t\t\t<\/div>\n\t\t\t\t<\/div>\n\t\t\t\t<div class=\"elementor-element elementor-element-9d142e0 elementor-widget elementor-widget-heading\" data-id=\"9d142e0\" data-element_type=\"widget\" data-widget_type=\"heading.default\">\n\t\t\t\t<div class=\"elementor-widget-container\">\n\t\t\t\t\t<h1 class=\"elementor-heading-title elementor-size-default\">Impressum<\/h1>\t\t\t\t<\/div>\n\t\t\t\t<\/div>\n\t\t\t\t<div class=\"elementor-element elementor-element-e340219 elementor-widget elementor-widget-text-editor\" data-id=\"e340219\" data-element_type=\"widget\" data-widget_type=\"text-editor.default\">\n\t\t\t\t<div class=\"elementor-widget-container\">\n\t\t\t\t\t\t\t\t\tPave Commute ist ein Produkt von RideAmigos (USA) und Carployee (AUT).\r\n\r\n<span style=\"color: var( --e-global-color-e5ab674 );\">\u00a0<\/span>\r\n\r\nGemeinsam schaffen wir ein neues personalisiertes Pendlererlebnis f\u00fcr Arbeitgeber aller Gr\u00f6\u00dfenordnungen.\t\t\t\t\t\t\t\t<\/div>\n\t\t\t\t<\/div>\n\t\t\t\t\t<\/div>\n\t\t<\/div>\n\t\t\t\t<div class=\"elementor-column elementor-col-50 elementor-top-column elementor-element elementor-element-f131a8c\" data-id=\"f131a8c\" data-element_type=\"column\">\n\t\t\t<div class=\"elementor-widget-wrap elementor-element-populated\">\n\t\t\t\t\t\t<section class=\"elementor-section elementor-inner-section elementor-element elementor-element-15cbae1 elementor-section-full_width elementor-section-height-default elementor-section-height-default\" data-id=\"15cbae1\" data-element_type=\"section\">\n\t\t\t\t\t\t<div class=\"elementor-container elementor-column-gap-default\">\n\t\t\t\t\t<div class=\"elementor-column elementor-col-100 elementor-inner-column elementor-element elementor-element-8cb16de\" data-id=\"8cb16de\" data-element_type=\"column\" data-settings=\"{&quot;background_background&quot;:&quot;classic&quot;}\">\n\t\t\t<div class=\"elementor-widget-wrap elementor-element-populated\">\n\t\t\t\t\t\t<div class=\"elementor-element elementor-element-b3e7df7 elementor-widget elementor-widget-heading\" data-id=\"b3e7df7\" data-element_type=\"widget\" data-widget_type=\"heading.default\">\n\t\t\t\t<div class=\"elementor-widget-container\">\n\t\t\t\t\t<h4 class=\"elementor-heading-title elementor-size-default\">RideAmigos <\/h4>\t\t\t\t<\/div>\n\t\t\t\t<\/div>\n\t\t\t\t<div class=\"elementor-element elementor-element-b6675f0 elementor-widget elementor-widget-text-editor\" data-id=\"b6675f0\" data-element_type=\"widget\" data-widget_type=\"text-editor.default\">\n\t\t\t\t<div class=\"elementor-widget-container\">\n\t\t\t\t\t\t\t\t\t<p>230 Pacific St, Suite 203,<\/p>\n<p>Santa Monica, California 90405,<\/p>\n<p>USA<\/p>\n\t\t\t\t\t\t\t\t<\/div>\n\t\t\t\t<\/div>\n\t\t\t\t<div class=\"elementor-element elementor-element-ca2bc43 elementor-widget elementor-widget-text-editor\" data-id=\"ca2bc43\" data-element_type=\"widget\" data-widget_type=\"text-editor.default\">\n\t\t\t\t<div class=\"elementor-widget-container\">\n\t\t\t\t\t\t\t\t\t<p><a href=\"mailto:sales@rideamigos.com\">sales@rideamigos.com<\/a><\/p>\n<p><a href=\"https:\/\/www.rideamigos.com\" target=\"_blank\" rel=\"noopener\" target=\"_blank\">www.rideamigos.com<\/a><\/p>\n\t\t\t\t\t\t\t\t<\/div>\n\t\t\t\t<\/div>\n\t\t\t\t<div class=\"elementor-element elementor-element-ef21e19 elementor-widget elementor-widget-spacer\" data-id=\"ef21e19\" data-element_type=\"widget\" data-widget_type=\"spacer.default\">\n\t\t\t\t<div class=\"elementor-widget-container\">\n\t\t\t\t\t\t\t<div class=\"elementor-spacer\">\n\t\t\t<div class=\"elementor-spacer-inner\"><\/div>\n\t\t<\/div>\n\t\t\t\t\t\t<\/div>\n\t\t\t\t<\/div>\n\t\t\t\t<div class=\"elementor-element elementor-element-4e38b9c elementor-widget elementor-widget-heading\" data-id=\"4e38b9c\" data-element_type=\"widget\" data-widget_type=\"heading.default\">\n\t\t\t\t<div class=\"elementor-widget-container\">\n\t\t\t\t\t<h5 class=\"elementor-heading-title elementor-size-default\">Carployee GmbH<\/h5>\t\t\t\t<\/div>\n\t\t\t\t<\/div>\n\t\t\t\t<div class=\"elementor-element elementor-element-8181706 elementor-widget elementor-widget-text-editor\" data-id=\"8181706\" data-element_type=\"widget\" data-widget_type=\"text-editor.default\">\n\t\t\t\t<div class=\"elementor-widget-container\">\n\t\t\t\t\t\t\t\t\t<p><span style=\"font-size: 1.1rem; color: var( --e-global-color-e5ab674 );\">Peter-Behrens-Platz 10,<\/span><\/p>\n<p>4020 Linz<\/p>\n<p>Austria<\/p>\n<p>Firmenbuchnummer: FN 487221 b<\/p>\n<p>UID: ATU73173317<\/p>\n\t\t\t\t\t\t\t\t<\/div>\n\t\t\t\t<\/div>\n\t\t\t\t\t<\/div>\n\t\t<\/div>\n\t\t\t\t\t<\/div>\n\t\t<\/section>\n\t\t\t\t\t<\/div>\n\t\t<\/div>\n\t\t\t\t\t<\/div>\n\t\t<\/section>\n\t\t\t\t<\/div>\n\t\t","protected":false},"excerpt":{"rendered":"Impressum Pave Commute ist ein Produkt von RideAmigos (USA) und Carployee (AUT). \u00a0 Gemeinsam schaffen wir ein neues personalisiertes Pendlererlebnis f\u00fcr Arbeitgeber aller Gr\u00f6\u00dfenordnungen. RideAmigos 230 Pacific St, Suite 203, Santa Monica, California 90405, USA sales@rideamigos.com www.rideamigos.com Carployee GmbH Peter-Behrens-Platz 10, 4020 Linz Austria Firmenbuchnummer: FN 487221 b UID: ATU73173317","protected":false},"author":217567073,"featured_media":1986,"parent":0,"menu_order":0,"comment_status":"closed","ping_status":"closed","template":"","meta":{"_acf_changed":false,"footnotes":""},"class_list":["post-1882","page","type-page","status-publish","has-post-thumbnail","hentry"],"acf":[],"yoast_head":"<!-- This site is optimized with the Yoast SEO plugin v26.5 - https:\/\/yoast.com\/wordpress\/plugins\/seo\/ -->\n<title>Impressum - Pave Commute<\/title>\n<meta name=\"robots\" content=\"noindex, follow\" \/>\n<meta property=\"og:locale\" content=\"de_DE\" \/>\n<meta property=\"og:type\" content=\"article\" \/>\n<meta property=\"og:title\" content=\"Impressum - Pave Commute\" \/>\n<meta property=\"og:description\" content=\"Impressum Pave Commute ist ein Produkt von RideAmigos (USA) und Carployee (AUT). \u00a0 Gemeinsam schaffen wir ein neues personalisiertes Pendlererlebnis f\u00fcr Arbeitgeber aller Gr\u00f6\u00dfenordnungen. RideAmigos 230 Pacific St, Suite 203, Santa Monica, California 90405, USA sales@rideamigos.com www.rideamigos.com Carployee GmbH Peter-Behrens-Platz 10, 4020 Linz Austria Firmenbuchnummer: FN 487221 b UID: ATU73173317\" \/>\n<meta property=\"og:url\" content=\"https:\/\/pavecommute.app\/de\/impressum\/\" \/>\n<meta property=\"og:site_name\" content=\"Pave Commute\" \/>\n<meta property=\"article:modified_time\" content=\"2024-09-03T06:39:59+00:00\" \/>\n<meta property=\"og:image\" content=\"https:\/\/pavecommute.app\/wp-content\/uploads\/2022\/03\/Facebook-image-post-social-\u2013-EN.png\" \/>\n\t<meta property=\"og:image:width\" content=\"1200\" \/>\n\t<meta property=\"og:image:height\" content=\"630\" \/>\n\t<meta property=\"og:image:type\" content=\"image\/png\" \/>\n<meta name=\"twitter:card\" content=\"summary_large_image\" \/>\n<script type=\"application\/ld+json\" class=\"yoast-schema-graph\">{\"@context\":\"https:\/\/schema.org\",\"@graph\":[{\"@type\":\"WebPage\",\"@id\":\"https:\/\/pavecommute.app\/de\/impressum\/\",\"url\":\"https:\/\/pavecommute.app\/de\/impressum\/\",\"name\":\"Impressum - Pave Commute\",\"isPartOf\":{\"@id\":\"https:\/\/pavecommute.app\/de\/#website\"},\"primaryImageOfPage\":{\"@id\":\"https:\/\/pavecommute.app\/de\/impressum\/#primaryimage\"},\"image\":{\"@id\":\"https:\/\/pavecommute.app\/de\/impressum\/#primaryimage\"},\"thumbnailUrl\":\"https:\/\/pavecommute.app\/wp-content\/uploads\/2022\/03\/Facebook-image-post-social-\u2013-EN.png\",\"datePublished\":\"2022-03-21T11:01:42+00:00\",\"dateModified\":\"2024-09-03T06:39:59+00:00\",\"breadcrumb\":{\"@id\":\"https:\/\/pavecommute.app\/de\/impressum\/#breadcrumb\"},\"inLanguage\":\"de\",\"potentialAction\":[{\"@type\":\"ReadAction\",\"target\":[\"https:\/\/pavecommute.app\/de\/impressum\/\"]}]},{\"@type\":\"ImageObject\",\"inLanguage\":\"de\",\"@id\":\"https:\/\/pavecommute.app\/de\/impressum\/#primaryimage\",\"url\":\"https:\/\/pavecommute.app\/wp-content\/uploads\/2022\/03\/Facebook-image-post-social-\u2013-EN.png\",\"contentUrl\":\"https:\/\/pavecommute.app\/wp-content\/uploads\/2022\/03\/Facebook-image-post-social-\u2013-EN.png\",\"width\":1200,\"height\":630},{\"@type\":\"BreadcrumbList\",\"@id\":\"https:\/\/pavecommute.app\/de\/impressum\/#breadcrumb\",\"itemListElement\":[{\"@type\":\"ListItem\",\"position\":1,\"name\":\"Home\",\"item\":\"https:\/\/pavecommute.app\/de\/\"},{\"@type\":\"ListItem\",\"position\":2,\"name\":\"Impressum\"}]},{\"@type\":\"WebSite\",\"@id\":\"https:\/\/pavecommute.app\/de\/#website\",\"url\":\"https:\/\/pavecommute.app\/de\/\",\"name\":\"Pave Commute\",\"description\":\"\",\"publisher\":{\"@id\":\"https:\/\/pavecommute.app\/de\/#organization\"},\"potentialAction\":[{\"@type\":\"SearchAction\",\"target\":{\"@type\":\"EntryPoint\",\"urlTemplate\":\"https:\/\/pavecommute.app\/de\/?s={search_term_string}\"},\"query-input\":{\"@type\":\"PropertyValueSpecification\",\"valueRequired\":true,\"valueName\":\"search_term_string\"}}],\"inLanguage\":\"de\"},{\"@type\":\"Organization\",\"@id\":\"https:\/\/pavecommute.app\/de\/#organization\",\"name\":\"Pave Commute\",\"url\":\"https:\/\/pavecommute.app\/de\/\",\"logo\":{\"@type\":\"ImageObject\",\"inLanguage\":\"de\",\"@id\":\"https:\/\/pavecommute.app\/de\/#\/schema\/logo\/image\/\",\"url\":\"https:\/\/pavecommute.app\/wp-content\/uploads\/2022\/03\/Pave_Logo_Icon-1.png\",\"contentUrl\":\"https:\/\/pavecommute.app\/wp-content\/uploads\/2022\/03\/Pave_Logo_Icon-1.png\",\"width\":432,\"height\":432,\"caption\":\"Pave Commute\"},\"image\":{\"@id\":\"https:\/\/pavecommute.app\/de\/#\/schema\/logo\/image\/\"},\"sameAs\":[\"https:\/\/www.linkedin.com\/showcase\/pave-commute-app\"]}]}<\/script>\n<!-- \/ Yoast SEO plugin. -->","yoast_head_json":{"title":"Impressum - Pave Commute","robots":{"index":"noindex","follow":"follow"},"og_locale":"de_DE","og_type":"article","og_title":"Impressum - Pave Commute","og_description":"Impressum Pave Commute ist ein Produkt von RideAmigos (USA) und Carployee (AUT). \u00a0 Gemeinsam schaffen wir ein neues personalisiertes Pendlererlebnis f\u00fcr Arbeitgeber aller Gr\u00f6\u00dfenordnungen. RideAmigos 230 Pacific St, Suite 203, Santa Monica, California 90405, USA sales@rideamigos.com www.rideamigos.com Carployee GmbH Peter-Behrens-Platz 10, 4020 Linz Austria Firmenbuchnummer: FN 487221 b UID: ATU73173317","og_url":"https:\/\/pavecommute.app\/de\/impressum\/","og_site_name":"Pave Commute","article_modified_time":"2024-09-03T06:39:59+00:00","og_image":[{"width":1200,"height":630,"url":"https:\/\/pavecommute.app\/wp-content\/uploads\/2022\/03\/Facebook-image-post-social-\u2013-EN.png","type":"image\/png"}],"twitter_card":"summary_large_image","schema":{"@context":"https:\/\/schema.org","@graph":[{"@type":"WebPage","@id":"https:\/\/pavecommute.app\/de\/impressum\/","url":"https:\/\/pavecommute.app\/de\/impressum\/","name":"Impressum - Pave Commute","isPartOf":{"@id":"https:\/\/pavecommute.app\/de\/#website"},"primaryImageOfPage":{"@id":"https:\/\/pavecommute.app\/de\/impressum\/#primaryimage"},"image":{"@id":"https:\/\/pavecommute.app\/de\/impressum\/#primaryimage"},"thumbnailUrl":"https:\/\/pavecommute.app\/wp-content\/uploads\/2022\/03\/Facebook-image-post-social-\u2013-EN.png","datePublished":"2022-03-21T11:01:42+00:00","dateModified":"2024-09-03T06:39:59+00:00","breadcrumb":{"@id":"https:\/\/pavecommute.app\/de\/impressum\/#breadcrumb"},"inLanguage":"de","potentialAction":[{"@type":"ReadAction","target":["https:\/\/pavecommute.app\/de\/impressum\/"]}]},{"@type":"ImageObject","inLanguage":"de","@id":"https:\/\/pavecommute.app\/de\/impressum\/#primaryimage","url":"https:\/\/pavecommute.app\/wp-content\/uploads\/2022\/03\/Facebook-image-post-social-\u2013-EN.png","contentUrl":"https:\/\/pavecommute.app\/wp-content\/uploads\/2022\/03\/Facebook-image-post-social-\u2013-EN.png","width":1200,"height":630},{"@type":"BreadcrumbList","@id":"https:\/\/pavecommute.app\/de\/impressum\/#breadcrumb","itemListElement":[{"@type":"ListItem","position":1,"name":"Home","item":"https:\/\/pavecommute.app\/de\/"},{"@type":"ListItem","position":2,"name":"Impressum"}]},{"@type":"WebSite","@id":"https:\/\/pavecommute.app\/de\/#website","url":"https:\/\/pavecommute.app\/de\/","name":"Pave Commute","description":"","publisher":{"@id":"https:\/\/pavecommute.app\/de\/#organization"},"potentialAction":[{"@type":"SearchAction","target":{"@type":"EntryPoint","urlTemplate":"https:\/\/pavecommute.app\/de\/?s={search_term_string}"},"query-input":{"@type":"PropertyValueSpecification","valueRequired":true,"valueName":"search_term_string"}}],"inLanguage":"de"},{"@type":"Organization","@id":"https:\/\/pavecommute.app\/de\/#organization","name":"Pave Commute","url":"https:\/\/pavecommute.app\/de\/","logo":{"@type":"ImageObject","inLanguage":"de","@id":"https:\/\/pavecommute.app\/de\/#\/schema\/logo\/image\/","url":"https:\/\/pavecommute.app\/wp-content\/uploads\/2022\/03\/Pave_Logo_Icon-1.png","contentUrl":"https:\/\/pavecommute.app\/wp-content\/uploads\/2022\/03\/Pave_Logo_Icon-1.png","width":432,"height":432,"caption":"Pave Commute"},"image":{"@id":"https:\/\/pavecommute.app\/de\/#\/schema\/logo\/image\/"},"sameAs":["https:\/\/www.linkedin.com\/showcase\/pave-commute-app"]}]}},"_links":{"self":[{"href":"https:\/\/pavecommute.app\/de\/wp-json\/wp\/v2\/pages\/1882","targetHints":{"allow":["GET"]}}],"collection":[{"href":"https:\/\/pavecommute.app\/de\/wp-json\/wp\/v2\/pages"}],"about":[{"href":"https:\/\/pavecommute.app\/de\/wp-json\/wp\/v2\/types\/page"}],"author":[{"embeddable":true,"href":"https:\/\/pavecommute.app\/de\/wp-json\/wp\/v2\/users\/217567073"}],"replies":[{"embeddable":true,"href":"https:\/\/pavecommute.app\/de\/wp-json\/wp\/v2\/comments?post=1882"}],"version-history":[{"count":3,"href":"https:\/\/pavecommute.app\/de\/wp-json\/wp\/v2\/pages\/1882\/revisions"}],"predecessor-version":[{"id":19385,"href":"https:\/\/pavecommute.app\/de\/wp-json\/wp\/v2\/pages\/1882\/revisions\/19385"}],"wp:featuredmedia":[{"embeddable":true,"href":"https:\/\/pavecommute.app\/de\/wp-json\/wp\/v2\/media\/1986"}],"wp:attachment":[{"href":"https:\/\/pavecommute.app\/de\/wp-json\/wp\/v2\/media?parent=1882"}],"curies":[{"name":"wp","href":"https:\/\/api.w.org\/{rel}","templated":true}]}}