{"id":1881,"date":"2022-03-21T04:01:10","date_gmt":"2022-03-21T11:01:10","guid":{"rendered":"https:\/\/pavecommute.app\/\/datenschutz\/"},"modified":"2025-04-15T00:27:04","modified_gmt":"2025-04-15T07:27:04","slug":"website-datenschutz","status":"publish","type":"page","link":"https:\/\/pavecommute.app\/de\/website-datenschutz\/","title":{"rendered":"Website Datenschutz"},"content":{"rendered":"\t\t<div data-elementor-type=\"wp-page\" data-elementor-id=\"1881\" class=\"elementor elementor-1881 elementor-1362\" data-elementor-settings=\"{&quot;ha_cmc_init_switcher&quot;:&quot;no&quot;}\" data-elementor-post-type=\"page\">\n\t\t\t\t\t\t<section class=\"elementor-section elementor-top-section elementor-element elementor-element-87130b2 elementor-section-boxed elementor-section-height-default elementor-section-height-default\" data-id=\"87130b2\" data-element_type=\"section\">\n\t\t\t\t\t\t<div class=\"elementor-container elementor-column-gap-default\">\n\t\t\t\t\t<div class=\"elementor-column elementor-col-100 elementor-top-column elementor-element elementor-element-2c0a1e3\" data-id=\"2c0a1e3\" data-element_type=\"column\">\n\t\t\t<div class=\"elementor-widget-wrap elementor-element-populated\">\n\t\t\t\t\t\t<div class=\"elementor-element elementor-element-b676bb5 elementor-widget-divider--view-line elementor-widget elementor-widget-divider\" data-id=\"b676bb5\" data-element_type=\"widget\" data-widget_type=\"divider.default\">\n\t\t\t\t<div class=\"elementor-widget-container\">\n\t\t\t\t\t\t\t<div class=\"elementor-divider\">\n\t\t\t<span class=\"elementor-divider-separator\">\n\t\t\t\t\t\t<\/span>\n\t\t<\/div>\n\t\t\t\t\t\t<\/div>\n\t\t\t\t<\/div>\n\t\t\t\t<div class=\"elementor-element elementor-element-4bfa634 elementor-widget elementor-widget-html\" data-id=\"4bfa634\" data-element_type=\"widget\" data-widget_type=\"html.default\">\n\t\t\t\t<div class=\"elementor-widget-container\">\n\t\t\t\t\t<h4>Grundlegendes<\/h4>\r\n\r\n<p>\r\nDiese Datenschutzerkl\u00e4rung soll die Nutzer dieser Website \u00fcber die Art, den Umfang und den Zweck der Erhebung und Verwendung personenbezogener Daten durch den Websitebetreiber (Right Click Solutions Inc., 230 Pacific St, Suite 203, Santa Monica, California 90405,  <a href=\"mailto:support@pavecommute.app\">support@pavecommute.app<\/a>) informieren.\r\n<\/p>\r\n\r\n<br>\r\n<p>\r\nDer Websitebetreiber nimmt Ihren Datenschutz sehr ernst und behandelt Ihre personenbezogenen Daten vertraulich und entsprechend der gesetzlichen Vorschriften. Da durch neue Technologien und die st\u00e4ndige Weiterentwicklung dieser Webseite \u00c4nderungen an dieser Datenschutzerkl\u00e4rung vorgenommen werden k\u00f6nnen, empfehlen wir Ihnen sich die Datenschutzerkl\u00e4rung in regelm\u00e4\u00dfigen Abst\u00e4nden wieder durchzulesen.\r\n<\/p>\r\n\r\n<br>\r\n<p>\r\n    Definitionen der verwendeten Begriffe (z.B. \u201cpersonenbezogene Daten\u201d oder \u201cVerarbeitung\u201d) finden Sie in Art. 4 DSGVO.\r\n<\/p>\r\n<br>\r\n<br>\r\n<h4>Reichweitenmessung & Cookies\r\n<\/h4>\r\n\r\n<p>\r\nDiese Website verwendet Cookies zur pseudonymisierten Reichweitenmessung, die entweder von unserem Server oder dem Server Dritter an den Browser des Nutzers \u00fcbertragen werden. Bei Cookies handelt es sich um kleine Dateien, welche auf Ihrem Endger\u00e4t gespeichert werden. Ihr Browser greift auf diese Dateien zu. Durch den Einsatz von Cookies erh\u00f6ht sich die Benutzerfreundlichkeit und Sicherheit dieser Website.\r\n<\/p>\r\n<br>\r\n<p>\r\n    Falls Sie nicht m\u00f6chten, dass Cookies zur Reichweitenmessung auf Ihrem Endger\u00e4t gespeichert werden, k\u00f6nnen Sie dem Einsatz dieser Dateien hier widersprechen:: <a data-href=\u201c#moove_gdpr_cookie_modal\u201d href=\"\">Einstellungen<\/a>\r\n<\/p>\r\n\r\n<br>\r\n<p>\r\nG\u00e4ngige Browser bieten die Einstellungsoption, Cookies nicht zuzulassen. Hinweis: Es ist nicht gew\u00e4hrleistet, dass Sie auf alle Funktionen dieser Website ohne Einschr\u00e4nkungen zugreifen k\u00f6nnen, wenn Sie entsprechende Einstellungen vornehmen.\r\n<\/p>\r\n<br>\r\n<br>\r\n<h5>Erfassung und Verarbeitung personenbezogener Daten<\/h5>\r\n\r\n\r\n<p>\r\n    Der Websitebetreiber erhebt, nutzt und gibt Ihre personenbezogenen Daten nur dann weiter, wenn Sie in die Datenerhebung einwilligen.\r\nAls personenbezogene Daten gelten s\u00e4mtliche Informationen, welche dazu dienen, Ihre Person zu bestimmen und welche zu Ihnen zur\u00fcckverfolgt werden k\u00f6nnen \u2013 also beispielsweise Ihr Name, Ihre E-Mail-Adresse und Telefonnummer.\r\n<\/p>\r\n<br>\r\n<p>\r\nDiese Website k\u00f6nnen Sie auch besuchen, ohne Angaben zu Ihrer Person zu machen. Zur Verbesserung unseres Online-Angebotes speichern wir jedoch (ohne Personenbezug) Ihre Zugriffsdaten auf diese Website. Zu diesen Zugriffsdaten geh\u00f6ren z. B. die von Ihnen angeforderte Datei oder der Name Ihres Internet-Providers. Durch die Anonymisierung der Daten sind R\u00fcckschl\u00fcsse auf Ihre Person nicht m\u00f6glich.\r\n<\/p>\r\n\r\n<br>\r\n<p>\r\nVerwenden Sie das eingebunden Kontaktformular verwenden wir die angegeben Daten (Name, Email, Telefonnummer) nach Ausf\u00fcllen und Absenden des Kontaktformulars, um mit Ihnen Kontakt aufzunehmen. Ihre Einwilligung, durch das Absenden des Kontaktformulars, umfasst gem\u00e4\u00df Art 49 Abs 1 lit a DSGVO auch die \u00dcbermittlungen an Empf\u00e4nger in unsicheren Drittstaaten, wie insbesondere in die USA (siehe \u00dcberschrift Drittdienstleister).<\/p>\r\n<br>\r\n<h5>Google Analytics<\/h5>\r\n<p>\r\nNach ihrer expliziter Einwilligung nutzt diese Website zur Optimierung und Analyse unseres Online-Angebots den Dienst \u201eGoogle Analytics\u201c, welcher von der Google Inc. (1600 Amphitheatre Parkway Mountain View, CA 94043, USA) angeboten wird. Der Dienst (Google Analytics) verwendet \u201eCookies\u201c \u2013 Textdateien, welche auf Ihrem Endger\u00e4t gespeichert werden. Die durch die Cookies gesammelten Informationen werden im Regelfall an einen Google-Server in den USA gesandt und dort gespeichert.\r\n<\/p>\r\n<br>\r\n<p>\r\nAuf dieser Website greift die IP-Anonymisierung. Die IP-Adresse der Nutzer wird innerhalb der Mitgliedsstaaten der EU und des Europ\u00e4ischen Wirtschaftsraum und in den anderen Vertragsstaaten des Abkommens gek\u00fcrzt. Nur in Einzelf\u00e4llen wird die IP-Adresse zun\u00e4chst ungek\u00fcrzt in die USA an einen Server von Google \u00fcbertragen und dort gek\u00fcrzt. Durch diese K\u00fcrzung entf\u00e4llt der Personenbezug Ihrer IP-Adresse. Die vom Browser \u00fcbermittelte IP-Adresse des Nutzers wird nicht mit anderen von Google gespeicherten Daten kombiniert.\r\n<\/p>\r\n<br>\r\n<p>\r\nIm Rahmen der Vereinbarung zur Auftragsdatenvereinbarung, welche wir als Websitebetreiber mit der Google Inc. geschlossen haben, erstellt diese mithilfe der gesammelten Informationen eine Auswertung der Websitenutzung und der Websiteaktivit\u00e4t und erbringt mit der Internetnutzung verbundene Dienstleistungen.\r\n<\/p>\r\n<br>\r\n<p>\r\nDie von Google in unserem Auftrag erhobenen Daten werden genutzt, um die Nutzung unseres Online-Angebots durch die einzelnen Nutzer auswerten zu k\u00f6nnen, z. B. um Reports \u00fcber die Aktivit\u00e4t auf der Website zu erstellen, um unser Online-Angebot zu verbessern.\r\n<\/p>\r\n<br>\r\n<p>\r\nSie haben die M\u00f6glichkeit, die Speicherung der Cookies auf Ihrem Ger\u00e4t zu verhindern, indem Sie in Ihrem Browser entsprechende Einstellungen vornehmen. Es ist nicht gew\u00e4hrleistet, dass Sie auf alle Funktionen dieser Website ohne Einschr\u00e4nkungen zugreifen k\u00f6nnen, wenn Ihr Browser keine Cookies zul\u00e4sst.\r\n<\/p>\r\n<br>\r\n<p>\r\nWeiterhin k\u00f6nnen Sie durch ein Browser-Plugin verhindern, dass die durch Cookies gesammelten Informationen (inklusive Ihrer IP-Adresse) an die Google Inc. gesendet und von der Google Inc. genutzt werden. Folgender Link f\u00fchrt Sie zu dem entsprechenden Plugin: <a href=\"https:\/\/tools.google.com\/dlpage\/gaoptout?hl=en\" target=\"_blank\">https:\/\/tools.google.com\/dlpage\/gaoptout?hl=de<\/a>.\r\n<\/p>\r\n<br>\r\n<p>\r\nAlternativ verhindern Sie mit einem Klick auf diesen <a data-href=\u201c#moove_gdpr_cookie_modal\u201d href=\"\">Link<\/a> dass Google Analytics innerhalb dieser Website Daten \u00fcber Sie erfasst. Mit dem Klick auf obigen Link laden Sie ein \u201eOpt-Out-Cookie\u201c herunter. Ihr Browser muss die Speicherung von Cookies also hierzu grunds\u00e4tzlich erlauben. L\u00f6schen Sie Ihre Cookies regelm\u00e4\u00dfig, ist ein erneuter Klick auf den Link bei jedem Besuch dieser Website vonn\u00f6ten.\r\n<\/p>\r\n<br>\r\n<p>\r\nHier finden Sie weitere Informationen zur Datennutzung durch die Google Inc.:\r\n<\/p>\r\n<li>\r\n<a href=\"https:\/\/policies.google.com\/privacy\/partners?hl=de\" target=\"_blank\">\r\n  https:\/\/policies.google.com\/privacy\/partners?hl=de  \r\n<\/a>\r\n  (Daten, die von Google-Partnern erhoben werden).\r\n<\/li>\r\n<li>\r\n<a href=\"https:\/\/adssettings.google.de\/authenticated?pli=1\" target=\"_blank\">https:\/\/adssettings.google.de\/authenticated?pli=1<\/a>\r\n (Einstellungen \u00fcber Werbung, die Ihnen angezeigt wird)\r\n<\/li>\r\n<li>\r\n<a href=\"https:\/\/policies.google.com\/technologies\/ads?hl=de\" target=\"_blank\">\r\nhttps:\/\/policies.google.com\/technologies\/ads?hl=de\r\n<\/a>\r\n (Verwendung von Cookies in Anzeigen)\r\n<\/li>\r\n<br><br>\r\n\r\n<h4>Newsletter-Abonnement\r\n<\/h4>\r\n<p>\r\nDer Websitebetreiber bietet Ihnen einen Newsletter an, in welchem er Sie \u00fcber aktuelle Geschehnisse und Angebote informiert. M\u00f6chten Sie den Newsletter abonnieren, m\u00fcssen Sie eine valide E-Mail-Adresse angeben. Wenn Sie den Newsletter abonnieren, erkl\u00e4ren Sie sich mit dem Newsletter-Empfang und den erl\u00e4uterten Verfahren einverstanden.\r\n<\/p>\r\n\r\n<br>\r\n<p>\r\nWiderruf und K\u00fcndigung: Ihre Einwilligung zum Erhalt des Newsletter k\u00f6nnen Sie jederzeit widerrufen und somit das Newsletter-Abonnement k\u00fcndigen. Nach Ihrer K\u00fcndigung erfolgt die L\u00f6schung Ihre personenbezogenen Daten. Ihre Einwilligung in den Newsletterversand erlischt gleichzeitig. Am Ende jedes Newsletters finden Sie den Link zur K\u00fcndigung.\r\n<\/p>\r\n<br><br>\r\n<h4>Rechte des Nutzers<\/h4>\r\n<p>\r\nSofern Ihr Wunsch nicht mit einer gesetzlichen Pflicht zur Aufbewahrung von Daten (z. B. Vorratsdatenspeicherung) kollidiert, haben Sie ein Anrecht auf L\u00f6schung Ihrer Daten. Von uns gespeicherte Daten werden, sollten sie f\u00fcr ihre Zweckbestimmung nicht mehr vonn\u00f6ten sein und es keine gesetzlichen Aufbewahrungsfristen geben, gel\u00f6scht. Falls eine L\u00f6schung nicht durchgef\u00fchrt werden kann, da die Daten f\u00fcr zul\u00e4ssige gesetzliche Zwecke erforderlich sind, erfolgt eine Einschr\u00e4nkung der Datenverarbeitung. In diesem Fall werden die Daten gesperrt und nicht f\u00fcr andere Zwecke verarbeitet.\r\n<\/p>\r\n<br>\r\n<h5>L\u00f6schung von Daten<\/h5>\r\n<p>\r\nSofern Ihr Wunsch nicht mit einer gesetzlichen Pflicht zur Aufbewahrung von Daten (z. B. Vorratsdatenspeicherung) kollidiert, haben Sie ein Anrecht auf L\u00f6schung Ihrer Daten. Von uns gespeicherte Daten werden, sollten sie f\u00fcr ihre Zweckbestimmung nicht mehr vonn\u00f6ten sein und es keine gesetzlichen Aufbewahrungsfristen geben, gel\u00f6scht. Falls eine L\u00f6schung nicht durchgef\u00fchrt werden kann, da die Daten f\u00fcr zul\u00e4ssige gesetzliche Zwecke erforderlich sind, erfolgt eine Einschr\u00e4nkung der Datenverarbeitung. In diesem Fall werden die Daten gesperrt und nicht f\u00fcr andere Zwecke verarbeitet.\r\n<\/p>\r\n\r\n<br>\r\n<h5>\r\n    Widerspruchsrecht\r\n<\/h5>\r\n\r\n<p>\r\nNutzer dieser Webseite k\u00f6nnen von ihrem Widerspruchsrecht Gebrauch machen und der Verarbeitung ihrer personenbezogenen Daten zu jeder Zeit widersprechen.\r\n<\/p>\r\n<br>\r\n<p>\r\nWenn Sie eine Berichtigung, Sperrung, L\u00f6schung oder Auskunft \u00fcber die zu Ihrer Person gespeicherten personenbezogenen Daten w\u00fcnschen oder Fragen bzgl. der Erhebung, Verarbeitung oder Verwendung Ihrer personenbezogenen Daten haben oder erteilte Einwilligungen widerrufen m\u00f6chten, wenden Sie sich bitte an folgende E-Mail-Adresse: <a href=\"mailto:support@pavecommute.app\">\r\n    support@pavecommute.app\r\n<\/a>.\r\n<\/p>\r\n\r\n<br>\r\n<br>\r\n<h4>Drittdienstleister<\/h4>\r\n<p>\r\nUm die Funktionalit\u00e4ten der Website zur Verf\u00fcgung zu stellen geben wir Daten an Drittanbieter weiter.\r\n<\/p>\r\n<br>\r\n<h5>Google Analytics<\/h5>\r\n<p>Wir verwenden Google Analytics zur Reichweiten-Messung. Mehr zu Google Analytics unter dem Punkt Google Analytics. Wir verwenden Google Analytics nur nach Ihrer erfolgter Einwilligung. Opt Out:  <a data-href=\u201c#moove_gdpr_cookie_modal\u201d href=\"\">Einstellungen<\/a>\r\n<\/p>\r\n\r\n<br>\r\n<h5>\r\n    LinkedIn Insight Tag\r\n<\/h5>\r\n<p>\r\nDas LinkedIn Insight-Tag erstellt ein eindeutiges LinkedIn Browser-Cookie im Browser eines Besuchers und erm\u00f6glicht die Erfassung folgender Daten f\u00fcr dieses Cookie: Metadaten wie IP-Adresse, Zeitstempel und Seitenereignisse (z. B. Seitenaufrufe). Weitere Informationen dazu finden Sie unter: <a href=\"https:\/\/www.linkedin.com\/help\/linkedin\/answer\/65521\" target=\"_blank\">https:\/\/www.linkedin.com\/help\/linkedin\/answer\/65521<\/a><br>Wir verwenden LinkedIn Insights Tag nur nach Ihrer erfolgter Einwilligung. Opt-Out: \r\n<a data-href=\u201c#moove_gdpr_cookie_modal\u201d href=\"\">Settings<\/a>\r\n<\/p>\r\n<br>\r\n<h5>\r\n    Adwords\r\n<\/h5>\r\n<p>\r\n    Adwords speichert Zugriffsstatistiken, die Daten wie Standorte der Zugriffe, Ger\u00e4tedaten, Zugriffsdauer und Zeitpunkt, Navigationsverhalten, Klickverhalten und IP-Adressen enthalten. Wir verwenden AdWords nur nach Ihrer erfolgter Einwilligung. Opt Out: <a data-href=\u201c#moove_gdpr_cookie_modal\u201d href=\"\">Einstellungen<\/a>\r\n<\/p>\r\n\r\n<br>\r\n<h5>\r\n    Facebook Pixel\r\n<\/h5>\r\n<p>\r\n    Wir verwenden den Facebook Pixel und die Conversions API zu Remarketing-Zwecken, um Sie innerhalb von 180 Tagen wieder ansprechen zu k\u00f6nnen. Dadurch k\u00f6nnen Nutzer*innen der Website im Rahmen des Besuchs des sozialen Netzwerkes \u201eFacebook\u201c oder anderer das Verfahren ebenfalls nutzende Websites interessenbezogene Werbeanzeigen (\u201eFacebook-Ads\u201c) dargestellt werden. Wir verfolgen damit das Interesse, Ihnen Werbung anzuzeigen, die f\u00fcr Sie von Interesse ist, um unsere Website bzw. Angebote f\u00fcr Sie interessanter zu gestalten. F\u00fcr die Verarbeitung gilt zwischen dem Websitenbetreiber und Facebook folgende Vereinbarung:<a href=\"https:\/\/www.facebook.com\/legal\/controller_addendum\" target=\"_blank\">https:\/\/www.facebook.com\/legal\/controller_addendum<\/a>. Wir verwenden Facebook Pixel nur nach Ihrer erfolgter Einwilligung. Opt Out: <a data-href=\u201c#moove_gdpr_cookie_modal\u201d href=\"\">Einstellungen<\/a>\r\n<\/p>\r\n<br>\r\n<h5>Salescloud<\/h5>\r\n<p>\r\nDaten welche \u00fcber das Kontaktformular eingegeben und abgesendet werden, werden mit Salescloud verarbeitet und gespeichert. F\u00fcr die Verarbeitung wurde mit Salescloud (Teil von Salesforce) eine entsprechende Vereinbarung geschlossen: <a href=\"https:\/\/www.salesforce.com\/content\/dam\/web\/en_us\/www\/documents\/legal\/Agreements\/data-processing-addendum.pdf\" target=\"_blank\">https:\/\/www.salesforce.com\/content\/dam\/web\/en_us\/www\/documents\/legal\/Agreements\/data-processing-addendum.pdf<\/a>. <br>Opt out: <a data-href=\u201c#moove_gdpr_cookie_modal\u201d href=\"\">Einstellungen<\/a>\r\n<\/p>\r\n<br>\r\n<h5>Hotjar<\/h5>\r\n<p>\r\nHotjar: Diese Website hilft uns zu verstehen, wie sich die Nutzer auf unserer Website verhalten, was sie brauchen und wie sie sich f\u00fchlen: <a href=\"https:\/\/www.hotjar.com\/legal\/policies\/privacy\/\" target=\"_blank\">https:\/\/www.hotjar.com\/legal\/policies\/privacy\/<\/a>.\r\n<br>Opt out: <a href=\"href=\"javascript:CookieScript.instance.show()\">Einstellung<\/a>\r\n<\/p>\r\n\r\n<br>\r\n<h5>Snitcher<\/h5>\r\n<p>\r\nWir nutzen auf unserer Website den Dienst \u201eSnitcher\u201c der Snitcher B.V., um herauszufinden, welche Unternehmen unsere Website besuchen. Snitcher verwendet IP-Adressen, um Firmenbesuche zu identifizieren. Weitere Informationen finden Sie in der Datenschutzerkl\u00e4rung von Snitcher:  \r\n <a href=\"https:\/\/www.snitcher.com\/privacy-policy\" target=\"_blank\">https:\/\/www.snitcher.com\/privacy-policy<\/a>.\r\n<br>Opt out: <a href=\"href=\"javascript:CookieScript.instance.show()\">Einstellung<\/a>\r\n<\/p>\t\t\t\t<\/div>\n\t\t\t\t<\/div>\n\t\t\t\t\t<\/div>\n\t\t<\/div>\n\t\t\t\t\t<\/div>\n\t\t<\/section>\n\t\t\t\t<\/div>\n\t\t","protected":false},"excerpt":{"rendered":"Grundlegendes Diese Datenschutzerkl\u00e4rung soll die Nutzer dieser Website \u00fcber die Art, den Umfang und den Zweck der Erhebung und Verwendung personenbezogener Daten durch den Websitebetreiber (Right Click Solutions Inc., 230 Pacific St, Suite 203, Santa Monica, California 90405, support@pavecommute.app) informieren. Der Websitebetreiber nimmt Ihren Datenschutz sehr ernst und behandelt Ihre personenbezogenen Daten vertraulich und entsprechend...","protected":false},"author":217567073,"featured_media":1986,"parent":0,"menu_order":0,"comment_status":"closed","ping_status":"closed","template":"","meta":{"_acf_changed":false,"footnotes":""},"class_list":["post-1881","page","type-page","status-publish","has-post-thumbnail","hentry"],"acf":[],"yoast_head":"<!-- This site is optimized with the Yoast SEO plugin v26.5 - https:\/\/yoast.com\/wordpress\/plugins\/seo\/ -->\n<title>Website Datenschutz - Pave Commute<\/title>\n<meta name=\"robots\" content=\"noindex, nofollow\" \/>\n<meta property=\"og:locale\" content=\"de_DE\" \/>\n<meta property=\"og:type\" content=\"article\" \/>\n<meta property=\"og:title\" content=\"Website Datenschutz - Pave Commute\" \/>\n<meta property=\"og:description\" content=\"Grundlegendes Diese Datenschutzerkl\u00e4rung soll die Nutzer dieser Website \u00fcber die Art, den Umfang und den Zweck der Erhebung und Verwendung personenbezogener Daten durch den Websitebetreiber (Right Click Solutions Inc., 230 Pacific St, Suite 203, Santa Monica, California 90405, support@pavecommute.app) informieren. Der Websitebetreiber nimmt Ihren Datenschutz sehr ernst und behandelt Ihre personenbezogenen Daten vertraulich und entsprechend...\" \/>\n<meta property=\"og:url\" content=\"https:\/\/pavecommute.app\/de\/website-datenschutz\/\" \/>\n<meta property=\"og:site_name\" content=\"Pave Commute\" \/>\n<meta property=\"article:modified_time\" content=\"2025-04-15T07:27:04+00:00\" \/>\n<meta property=\"og:image\" content=\"https:\/\/pavecommute.app\/wp-content\/uploads\/2022\/03\/Facebook-image-post-social-\u2013-EN.png\" \/>\n\t<meta property=\"og:image:width\" content=\"1200\" \/>\n\t<meta property=\"og:image:height\" content=\"630\" \/>\n\t<meta property=\"og:image:type\" content=\"image\/png\" \/>\n<meta name=\"twitter:card\" content=\"summary_large_image\" \/>\n<meta name=\"twitter:label1\" content=\"Gesch\u00e4tzte Lesezeit\" \/>\n\t<meta name=\"twitter:data1\" content=\"8\u00a0Minuten\" \/>\n<script type=\"application\/ld+json\" class=\"yoast-schema-graph\">{\"@context\":\"https:\/\/schema.org\",\"@graph\":[{\"@type\":\"WebPage\",\"@id\":\"https:\/\/pavecommute.app\/de\/website-datenschutz\/\",\"url\":\"https:\/\/pavecommute.app\/de\/website-datenschutz\/\",\"name\":\"Website Datenschutz - Pave Commute\",\"isPartOf\":{\"@id\":\"https:\/\/pavecommute.app\/de\/#website\"},\"primaryImageOfPage\":{\"@id\":\"https:\/\/pavecommute.app\/de\/website-datenschutz\/#primaryimage\"},\"image\":{\"@id\":\"https:\/\/pavecommute.app\/de\/website-datenschutz\/#primaryimage\"},\"thumbnailUrl\":\"https:\/\/pavecommute.app\/wp-content\/uploads\/2022\/03\/Facebook-image-post-social-\u2013-EN.png\",\"datePublished\":\"2022-03-21T11:01:10+00:00\",\"dateModified\":\"2025-04-15T07:27:04+00:00\",\"breadcrumb\":{\"@id\":\"https:\/\/pavecommute.app\/de\/website-datenschutz\/#breadcrumb\"},\"inLanguage\":\"de\",\"potentialAction\":[{\"@type\":\"ReadAction\",\"target\":[\"https:\/\/pavecommute.app\/de\/website-datenschutz\/\"]}]},{\"@type\":\"ImageObject\",\"inLanguage\":\"de\",\"@id\":\"https:\/\/pavecommute.app\/de\/website-datenschutz\/#primaryimage\",\"url\":\"https:\/\/pavecommute.app\/wp-content\/uploads\/2022\/03\/Facebook-image-post-social-\u2013-EN.png\",\"contentUrl\":\"https:\/\/pavecommute.app\/wp-content\/uploads\/2022\/03\/Facebook-image-post-social-\u2013-EN.png\",\"width\":1200,\"height\":630},{\"@type\":\"BreadcrumbList\",\"@id\":\"https:\/\/pavecommute.app\/de\/website-datenschutz\/#breadcrumb\",\"itemListElement\":[{\"@type\":\"ListItem\",\"position\":1,\"name\":\"Home\",\"item\":\"https:\/\/pavecommute.app\/de\/\"},{\"@type\":\"ListItem\",\"position\":2,\"name\":\"Website Datenschutz\"}]},{\"@type\":\"WebSite\",\"@id\":\"https:\/\/pavecommute.app\/de\/#website\",\"url\":\"https:\/\/pavecommute.app\/de\/\",\"name\":\"Pave Commute\",\"description\":\"\",\"publisher\":{\"@id\":\"https:\/\/pavecommute.app\/de\/#organization\"},\"potentialAction\":[{\"@type\":\"SearchAction\",\"target\":{\"@type\":\"EntryPoint\",\"urlTemplate\":\"https:\/\/pavecommute.app\/de\/?s={search_term_string}\"},\"query-input\":{\"@type\":\"PropertyValueSpecification\",\"valueRequired\":true,\"valueName\":\"search_term_string\"}}],\"inLanguage\":\"de\"},{\"@type\":\"Organization\",\"@id\":\"https:\/\/pavecommute.app\/de\/#organization\",\"name\":\"Pave Commute\",\"url\":\"https:\/\/pavecommute.app\/de\/\",\"logo\":{\"@type\":\"ImageObject\",\"inLanguage\":\"de\",\"@id\":\"https:\/\/pavecommute.app\/de\/#\/schema\/logo\/image\/\",\"url\":\"https:\/\/pavecommute.app\/wp-content\/uploads\/2022\/03\/Pave_Logo_Icon-1.png\",\"contentUrl\":\"https:\/\/pavecommute.app\/wp-content\/uploads\/2022\/03\/Pave_Logo_Icon-1.png\",\"width\":432,\"height\":432,\"caption\":\"Pave Commute\"},\"image\":{\"@id\":\"https:\/\/pavecommute.app\/de\/#\/schema\/logo\/image\/\"},\"sameAs\":[\"https:\/\/www.linkedin.com\/showcase\/pave-commute-app\"]}]}<\/script>\n<!-- \/ Yoast SEO plugin. -->","yoast_head_json":{"title":"Website Datenschutz - Pave Commute","robots":{"index":"noindex","follow":"nofollow"},"og_locale":"de_DE","og_type":"article","og_title":"Website Datenschutz - Pave Commute","og_description":"Grundlegendes Diese Datenschutzerkl\u00e4rung soll die Nutzer dieser Website \u00fcber die Art, den Umfang und den Zweck der Erhebung und Verwendung personenbezogener Daten durch den Websitebetreiber (Right Click Solutions Inc., 230 Pacific St, Suite 203, Santa Monica, California 90405, support@pavecommute.app) informieren. Der Websitebetreiber nimmt Ihren Datenschutz sehr ernst und behandelt Ihre personenbezogenen Daten vertraulich und entsprechend...","og_url":"https:\/\/pavecommute.app\/de\/website-datenschutz\/","og_site_name":"Pave Commute","article_modified_time":"2025-04-15T07:27:04+00:00","og_image":[{"width":1200,"height":630,"url":"https:\/\/pavecommute.app\/wp-content\/uploads\/2022\/03\/Facebook-image-post-social-\u2013-EN.png","type":"image\/png"}],"twitter_card":"summary_large_image","twitter_misc":{"Gesch\u00e4tzte Lesezeit":"8\u00a0Minuten"},"schema":{"@context":"https:\/\/schema.org","@graph":[{"@type":"WebPage","@id":"https:\/\/pavecommute.app\/de\/website-datenschutz\/","url":"https:\/\/pavecommute.app\/de\/website-datenschutz\/","name":"Website Datenschutz - Pave Commute","isPartOf":{"@id":"https:\/\/pavecommute.app\/de\/#website"},"primaryImageOfPage":{"@id":"https:\/\/pavecommute.app\/de\/website-datenschutz\/#primaryimage"},"image":{"@id":"https:\/\/pavecommute.app\/de\/website-datenschutz\/#primaryimage"},"thumbnailUrl":"https:\/\/pavecommute.app\/wp-content\/uploads\/2022\/03\/Facebook-image-post-social-\u2013-EN.png","datePublished":"2022-03-21T11:01:10+00:00","dateModified":"2025-04-15T07:27:04+00:00","breadcrumb":{"@id":"https:\/\/pavecommute.app\/de\/website-datenschutz\/#breadcrumb"},"inLanguage":"de","potentialAction":[{"@type":"ReadAction","target":["https:\/\/pavecommute.app\/de\/website-datenschutz\/"]}]},{"@type":"ImageObject","inLanguage":"de","@id":"https:\/\/pavecommute.app\/de\/website-datenschutz\/#primaryimage","url":"https:\/\/pavecommute.app\/wp-content\/uploads\/2022\/03\/Facebook-image-post-social-\u2013-EN.png","contentUrl":"https:\/\/pavecommute.app\/wp-content\/uploads\/2022\/03\/Facebook-image-post-social-\u2013-EN.png","width":1200,"height":630},{"@type":"BreadcrumbList","@id":"https:\/\/pavecommute.app\/de\/website-datenschutz\/#breadcrumb","itemListElement":[{"@type":"ListItem","position":1,"name":"Home","item":"https:\/\/pavecommute.app\/de\/"},{"@type":"ListItem","position":2,"name":"Website Datenschutz"}]},{"@type":"WebSite","@id":"https:\/\/pavecommute.app\/de\/#website","url":"https:\/\/pavecommute.app\/de\/","name":"Pave Commute","description":"","publisher":{"@id":"https:\/\/pavecommute.app\/de\/#organization"},"potentialAction":[{"@type":"SearchAction","target":{"@type":"EntryPoint","urlTemplate":"https:\/\/pavecommute.app\/de\/?s={search_term_string}"},"query-input":{"@type":"PropertyValueSpecification","valueRequired":true,"valueName":"search_term_string"}}],"inLanguage":"de"},{"@type":"Organization","@id":"https:\/\/pavecommute.app\/de\/#organization","name":"Pave Commute","url":"https:\/\/pavecommute.app\/de\/","logo":{"@type":"ImageObject","inLanguage":"de","@id":"https:\/\/pavecommute.app\/de\/#\/schema\/logo\/image\/","url":"https:\/\/pavecommute.app\/wp-content\/uploads\/2022\/03\/Pave_Logo_Icon-1.png","contentUrl":"https:\/\/pavecommute.app\/wp-content\/uploads\/2022\/03\/Pave_Logo_Icon-1.png","width":432,"height":432,"caption":"Pave Commute"},"image":{"@id":"https:\/\/pavecommute.app\/de\/#\/schema\/logo\/image\/"},"sameAs":["https:\/\/www.linkedin.com\/showcase\/pave-commute-app"]}]}},"_links":{"self":[{"href":"https:\/\/pavecommute.app\/de\/wp-json\/wp\/v2\/pages\/1881","targetHints":{"allow":["GET"]}}],"collection":[{"href":"https:\/\/pavecommute.app\/de\/wp-json\/wp\/v2\/pages"}],"about":[{"href":"https:\/\/pavecommute.app\/de\/wp-json\/wp\/v2\/types\/page"}],"author":[{"embeddable":true,"href":"https:\/\/pavecommute.app\/de\/wp-json\/wp\/v2\/users\/217567073"}],"replies":[{"embeddable":true,"href":"https:\/\/pavecommute.app\/de\/wp-json\/wp\/v2\/comments?post=1881"}],"version-history":[{"count":2,"href":"https:\/\/pavecommute.app\/de\/wp-json\/wp\/v2\/pages\/1881\/revisions"}],"predecessor-version":[{"id":20444,"href":"https:\/\/pavecommute.app\/de\/wp-json\/wp\/v2\/pages\/1881\/revisions\/20444"}],"wp:featuredmedia":[{"embeddable":true,"href":"https:\/\/pavecommute.app\/de\/wp-json\/wp\/v2\/media\/1986"}],"wp:attachment":[{"href":"https:\/\/pavecommute.app\/de\/wp-json\/wp\/v2\/media?parent=1881"}],"curies":[{"name":"wp","href":"https:\/\/api.w.org\/{rel}","templated":true}]}}