{"id":18240,"date":"2024-07-04T00:35:14","date_gmt":"2024-07-04T07:35:14","guid":{"rendered":"https:\/\/pavecommute.app\/co2-einsparungs-rechner\/"},"modified":"2024-07-04T00:53:22","modified_gmt":"2024-07-04T07:53:22","slug":"co2-einsparungs-rechner","status":"publish","type":"page","link":"https:\/\/pavecommute.app\/de\/co2-einsparungs-rechner\/","title":{"rendered":"CO2-Rechner"},"content":{"rendered":"\t\t<div data-elementor-type=\"wp-page\" data-elementor-id=\"18240\" class=\"elementor elementor-18240 elementor-18210\" data-elementor-settings=\"{&quot;ha_cmc_init_switcher&quot;:&quot;no&quot;}\" data-elementor-post-type=\"page\">\n\t\t\t\t\t\t<section class=\"elementor-section elementor-top-section elementor-element elementor-element-ec4d569 elementor-section-boxed elementor-section-height-default elementor-section-height-default\" data-id=\"ec4d569\" data-element_type=\"section\">\n\t\t\t\t\t\t<div class=\"elementor-container elementor-column-gap-default\">\n\t\t\t\t\t<div class=\"elementor-column elementor-col-100 elementor-top-column elementor-element elementor-element-8b7c8fb\" data-id=\"8b7c8fb\" data-element_type=\"column\">\n\t\t\t<div class=\"elementor-widget-wrap elementor-element-populated\">\n\t\t\t\t\t\t<div class=\"elementor-element elementor-element-5286b46 elementor-widget elementor-widget-spacer\" data-id=\"5286b46\" data-element_type=\"widget\" data-widget_type=\"spacer.default\">\n\t\t\t\t<div class=\"elementor-widget-container\">\n\t\t\t\t\t\t\t<div class=\"elementor-spacer\">\n\t\t\t<div class=\"elementor-spacer-inner\"><\/div>\n\t\t<\/div>\n\t\t\t\t\t\t<\/div>\n\t\t\t\t<\/div>\n\t\t\t\t<div class=\"elementor-element elementor-element-97c2189 elementor-widget elementor-widget-heading\" data-id=\"97c2189\" data-element_type=\"widget\" data-widget_type=\"heading.default\">\n\t\t\t\t<div class=\"elementor-widget-container\">\n\t\t\t\t\t<h1 class=\"elementor-heading-title elementor-size-default\">Unterwegs auf der gr\u00fcnen \u00dcberholspur <img decoding=\"async\" style=\"height: 1em;position: relative;top: 0.15em\" src=\"https:\/\/pavecommute.app\/wp-content\/uploads\/2023\/09\/leaf-emoji.svg\" alt=\"leaf emoji\"> <\/h1>\t\t\t\t<\/div>\n\t\t\t\t<\/div>\n\t\t\t\t<div class=\"elementor-element elementor-element-cc1ac01 elementor-widget elementor-widget-spacer\" data-id=\"cc1ac01\" data-element_type=\"widget\" data-widget_type=\"spacer.default\">\n\t\t\t\t<div class=\"elementor-widget-container\">\n\t\t\t\t\t\t\t<div class=\"elementor-spacer\">\n\t\t\t<div class=\"elementor-spacer-inner\"><\/div>\n\t\t<\/div>\n\t\t\t\t\t\t<\/div>\n\t\t\t\t<\/div>\n\t\t\t\t<div class=\"elementor-element elementor-element-21f5b8f elementor-widget elementor-widget-heading\" data-id=\"21f5b8f\" data-element_type=\"widget\" data-widget_type=\"heading.default\">\n\t\t\t\t<div class=\"elementor-widget-container\">\n\t\t\t\t\t<h4 class=\"elementor-heading-title elementor-size-default\">Deine Pendelfahrt = dein Beitrag zum Klimaschutz.<br>Mit Pave Commute, der Pendler-App f\u00fcr die gesamte Belegschaft.<\/h4>\t\t\t\t<\/div>\n\t\t\t\t<\/div>\n\t\t\t\t<div class=\"elementor-element elementor-element-ae57bc8 elementor-widget elementor-widget-spacer\" data-id=\"ae57bc8\" data-element_type=\"widget\" data-widget_type=\"spacer.default\">\n\t\t\t\t<div class=\"elementor-widget-container\">\n\t\t\t\t\t\t\t<div class=\"elementor-spacer\">\n\t\t\t<div class=\"elementor-spacer-inner\"><\/div>\n\t\t<\/div>\n\t\t\t\t\t\t<\/div>\n\t\t\t\t<\/div>\n\t\t\t\t\t<\/div>\n\t\t<\/div>\n\t\t\t\t\t<\/div>\n\t\t<\/section>\n\t\t\t\t<section class=\"elementor-section elementor-top-section elementor-element elementor-element-e4630c2 elementor-section-full_width elementor-section-height-default elementor-section-height-default\" data-id=\"e4630c2\" data-element_type=\"section\">\n\t\t\t\t\t\t<div class=\"elementor-container elementor-column-gap-no\">\n\t\t\t\t\t<div class=\"elementor-column elementor-col-100 elementor-top-column elementor-element elementor-element-489ef23\" data-id=\"489ef23\" data-element_type=\"column\">\n\t\t\t<div class=\"elementor-widget-wrap elementor-element-populated\">\n\t\t\t\t\t\t<div class=\"elementor-element elementor-element-9852a86 elementor-widget elementor-widget-shortcode\" data-id=\"9852a86\" data-element_type=\"widget\" data-widget_type=\"shortcode.default\">\n\t\t\t\t<div class=\"elementor-widget-container\">\n\t\t\t\t\t\t\t<div class=\"elementor-shortcode\"><div id=\"pc\"><div id=\"user-calculator\"><\/div><\/div><\/div>\n\t\t\t\t\t\t<\/div>\n\t\t\t\t<\/div>\n\t\t\t\t\t<\/div>\n\t\t<\/div>\n\t\t\t\t\t<\/div>\n\t\t<\/section>\n\t\t\t\t<section class=\"elementor-section elementor-top-section elementor-element elementor-element-89f4788 elementor-section-boxed elementor-section-height-default elementor-section-height-default\" data-id=\"89f4788\" data-element_type=\"section\">\n\t\t\t\t\t\t<div class=\"elementor-container elementor-column-gap-default\">\n\t\t\t\t\t<div class=\"elementor-column elementor-col-100 elementor-top-column elementor-element elementor-element-28b6014\" data-id=\"28b6014\" data-element_type=\"column\">\n\t\t\t<div class=\"elementor-widget-wrap elementor-element-populated\">\n\t\t\t\t\t\t<div class=\"elementor-element elementor-element-a879001 elementor-widget elementor-widget-spacer\" data-id=\"a879001\" data-element_type=\"widget\" data-widget_type=\"spacer.default\">\n\t\t\t\t<div class=\"elementor-widget-container\">\n\t\t\t\t\t\t\t<div class=\"elementor-spacer\">\n\t\t\t<div class=\"elementor-spacer-inner\"><\/div>\n\t\t<\/div>\n\t\t\t\t\t\t<\/div>\n\t\t\t\t<\/div>\n\t\t\t\t\t<\/div>\n\t\t<\/div>\n\t\t\t\t\t<\/div>\n\t\t<\/section>\n\t\t\t\t<\/div>\n\t\t","protected":false},"excerpt":{"rendered":"Unterwegs auf der gr\u00fcnen \u00dcberholspur Deine Pendelfahrt = dein Beitrag zum Klimaschutz.Mit Pave Commute, der Pendler-App f\u00fcr die gesamte Belegschaft.","protected":false},"author":215930803,"featured_media":0,"parent":0,"menu_order":0,"comment_status":"closed","ping_status":"closed","template":"","meta":{"_acf_changed":false,"footnotes":""},"class_list":["post-18240","page","type-page","status-publish","hentry"],"acf":[],"yoast_head":"<!-- This site is optimized with the Yoast SEO plugin v26.5 - https:\/\/yoast.com\/wordpress\/plugins\/seo\/ -->\n<title>CO2 Rechner - so viel gr\u00fcner kann deine Pendelfahrt sein<\/title>\n<meta name=\"description\" content=\"Berechne, wie viel CO2 du einsparst, in dem du klimafreundlich in die Arbeit pendelst. Pave Commute hilft dir dabei. Probier&#039;s aus!\" \/>\n<meta name=\"robots\" content=\"index, follow, max-snippet:-1, max-image-preview:large, max-video-preview:-1\" \/>\n<link rel=\"canonical\" href=\"https:\/\/pavecommute.app\/de\/co2-einsparungs-rechner\/\" \/>\n<meta property=\"og:locale\" content=\"de_DE\" \/>\n<meta property=\"og:type\" content=\"article\" \/>\n<meta property=\"og:title\" content=\"CO2 Rechner - so viel gr\u00fcner kann deine Pendelfahrt sein\" \/>\n<meta property=\"og:description\" content=\"Berechne, wie viel CO2 du einsparst, in dem du klimafreundlich in die Arbeit pendelst. Pave Commute hilft dir dabei. Probier&#039;s aus!\" \/>\n<meta property=\"og:url\" content=\"https:\/\/pavecommute.app\/de\/co2-einsparungs-rechner\/\" \/>\n<meta property=\"og:site_name\" content=\"Pave Commute\" \/>\n<meta property=\"article:modified_time\" content=\"2024-07-04T07:53:22+00:00\" \/>\n<meta property=\"og:image\" content=\"https:\/\/pavecommute.app\/wp-content\/uploads\/2023\/09\/leaf-emoji.svg\" \/>\n<meta name=\"twitter:card\" content=\"summary_large_image\" \/>\n<script type=\"application\/ld+json\" class=\"yoast-schema-graph\">{\"@context\":\"https:\/\/schema.org\",\"@graph\":[{\"@type\":\"WebPage\",\"@id\":\"https:\/\/pavecommute.app\/de\/co2-einsparungs-rechner\/\",\"url\":\"https:\/\/pavecommute.app\/de\/co2-einsparungs-rechner\/\",\"name\":\"CO2 Rechner - so viel gr\u00fcner kann deine Pendelfahrt sein\",\"isPartOf\":{\"@id\":\"https:\/\/pavecommute.app\/de\/#website\"},\"primaryImageOfPage\":{\"@id\":\"https:\/\/pavecommute.app\/de\/co2-einsparungs-rechner\/#primaryimage\"},\"image\":{\"@id\":\"https:\/\/pavecommute.app\/de\/co2-einsparungs-rechner\/#primaryimage\"},\"thumbnailUrl\":\"https:\/\/pavecommute.app\/wp-content\/uploads\/2023\/09\/leaf-emoji.svg\",\"datePublished\":\"2024-07-04T07:35:14+00:00\",\"dateModified\":\"2024-07-04T07:53:22+00:00\",\"description\":\"Berechne, wie viel CO2 du einsparst, in dem du klimafreundlich in die Arbeit pendelst. Pave Commute hilft dir dabei. Probier's aus!\",\"breadcrumb\":{\"@id\":\"https:\/\/pavecommute.app\/de\/co2-einsparungs-rechner\/#breadcrumb\"},\"inLanguage\":\"de\",\"potentialAction\":[{\"@type\":\"ReadAction\",\"target\":[\"https:\/\/pavecommute.app\/de\/co2-einsparungs-rechner\/\"]}]},{\"@type\":\"ImageObject\",\"inLanguage\":\"de\",\"@id\":\"https:\/\/pavecommute.app\/de\/co2-einsparungs-rechner\/#primaryimage\",\"url\":\"https:\/\/pavecommute.app\/wp-content\/uploads\/2023\/09\/leaf-emoji.svg\",\"contentUrl\":\"https:\/\/pavecommute.app\/wp-content\/uploads\/2023\/09\/leaf-emoji.svg\"},{\"@type\":\"BreadcrumbList\",\"@id\":\"https:\/\/pavecommute.app\/de\/co2-einsparungs-rechner\/#breadcrumb\",\"itemListElement\":[{\"@type\":\"ListItem\",\"position\":1,\"name\":\"Home\",\"item\":\"https:\/\/pavecommute.app\/de\/\"},{\"@type\":\"ListItem\",\"position\":2,\"name\":\"CO2-Rechner\"}]},{\"@type\":\"WebSite\",\"@id\":\"https:\/\/pavecommute.app\/de\/#website\",\"url\":\"https:\/\/pavecommute.app\/de\/\",\"name\":\"Pave Commute\",\"description\":\"\",\"publisher\":{\"@id\":\"https:\/\/pavecommute.app\/de\/#organization\"},\"potentialAction\":[{\"@type\":\"SearchAction\",\"target\":{\"@type\":\"EntryPoint\",\"urlTemplate\":\"https:\/\/pavecommute.app\/de\/?s={search_term_string}\"},\"query-input\":{\"@type\":\"PropertyValueSpecification\",\"valueRequired\":true,\"valueName\":\"search_term_string\"}}],\"inLanguage\":\"de\"},{\"@type\":\"Organization\",\"@id\":\"https:\/\/pavecommute.app\/de\/#organization\",\"name\":\"Pave Commute\",\"url\":\"https:\/\/pavecommute.app\/de\/\",\"logo\":{\"@type\":\"ImageObject\",\"inLanguage\":\"de\",\"@id\":\"https:\/\/pavecommute.app\/de\/#\/schema\/logo\/image\/\",\"url\":\"https:\/\/pavecommute.app\/wp-content\/uploads\/2022\/03\/Pave_Logo_Icon-1.png\",\"contentUrl\":\"https:\/\/pavecommute.app\/wp-content\/uploads\/2022\/03\/Pave_Logo_Icon-1.png\",\"width\":432,\"height\":432,\"caption\":\"Pave Commute\"},\"image\":{\"@id\":\"https:\/\/pavecommute.app\/de\/#\/schema\/logo\/image\/\"},\"sameAs\":[\"https:\/\/www.linkedin.com\/showcase\/pave-commute-app\"]}]}<\/script>\n<!-- \/ Yoast SEO plugin. -->","yoast_head_json":{"title":"CO2 Rechner - so viel gr\u00fcner kann deine Pendelfahrt sein","description":"Berechne, wie viel CO2 du einsparst, in dem du klimafreundlich in die Arbeit pendelst. Pave Commute hilft dir dabei. Probier's aus!","robots":{"index":"index","follow":"follow","max-snippet":"max-snippet:-1","max-image-preview":"max-image-preview:large","max-video-preview":"max-video-preview:-1"},"canonical":"https:\/\/pavecommute.app\/de\/co2-einsparungs-rechner\/","og_locale":"de_DE","og_type":"article","og_title":"CO2 Rechner - so viel gr\u00fcner kann deine Pendelfahrt sein","og_description":"Berechne, wie viel CO2 du einsparst, in dem du klimafreundlich in die Arbeit pendelst. Pave Commute hilft dir dabei. Probier's aus!","og_url":"https:\/\/pavecommute.app\/de\/co2-einsparungs-rechner\/","og_site_name":"Pave Commute","article_modified_time":"2024-07-04T07:53:22+00:00","og_image":[{"url":"https:\/\/pavecommute.app\/wp-content\/uploads\/2023\/09\/leaf-emoji.svg","type":"","width":"","height":""}],"twitter_card":"summary_large_image","schema":{"@context":"https:\/\/schema.org","@graph":[{"@type":"WebPage","@id":"https:\/\/pavecommute.app\/de\/co2-einsparungs-rechner\/","url":"https:\/\/pavecommute.app\/de\/co2-einsparungs-rechner\/","name":"CO2 Rechner - so viel gr\u00fcner kann deine Pendelfahrt sein","isPartOf":{"@id":"https:\/\/pavecommute.app\/de\/#website"},"primaryImageOfPage":{"@id":"https:\/\/pavecommute.app\/de\/co2-einsparungs-rechner\/#primaryimage"},"image":{"@id":"https:\/\/pavecommute.app\/de\/co2-einsparungs-rechner\/#primaryimage"},"thumbnailUrl":"https:\/\/pavecommute.app\/wp-content\/uploads\/2023\/09\/leaf-emoji.svg","datePublished":"2024-07-04T07:35:14+00:00","dateModified":"2024-07-04T07:53:22+00:00","description":"Berechne, wie viel CO2 du einsparst, in dem du klimafreundlich in die Arbeit pendelst. Pave Commute hilft dir dabei. Probier's aus!","breadcrumb":{"@id":"https:\/\/pavecommute.app\/de\/co2-einsparungs-rechner\/#breadcrumb"},"inLanguage":"de","potentialAction":[{"@type":"ReadAction","target":["https:\/\/pavecommute.app\/de\/co2-einsparungs-rechner\/"]}]},{"@type":"ImageObject","inLanguage":"de","@id":"https:\/\/pavecommute.app\/de\/co2-einsparungs-rechner\/#primaryimage","url":"https:\/\/pavecommute.app\/wp-content\/uploads\/2023\/09\/leaf-emoji.svg","contentUrl":"https:\/\/pavecommute.app\/wp-content\/uploads\/2023\/09\/leaf-emoji.svg"},{"@type":"BreadcrumbList","@id":"https:\/\/pavecommute.app\/de\/co2-einsparungs-rechner\/#breadcrumb","itemListElement":[{"@type":"ListItem","position":1,"name":"Home","item":"https:\/\/pavecommute.app\/de\/"},{"@type":"ListItem","position":2,"name":"CO2-Rechner"}]},{"@type":"WebSite","@id":"https:\/\/pavecommute.app\/de\/#website","url":"https:\/\/pavecommute.app\/de\/","name":"Pave Commute","description":"","publisher":{"@id":"https:\/\/pavecommute.app\/de\/#organization"},"potentialAction":[{"@type":"SearchAction","target":{"@type":"EntryPoint","urlTemplate":"https:\/\/pavecommute.app\/de\/?s={search_term_string}"},"query-input":{"@type":"PropertyValueSpecification","valueRequired":true,"valueName":"search_term_string"}}],"inLanguage":"de"},{"@type":"Organization","@id":"https:\/\/pavecommute.app\/de\/#organization","name":"Pave Commute","url":"https:\/\/pavecommute.app\/de\/","logo":{"@type":"ImageObject","inLanguage":"de","@id":"https:\/\/pavecommute.app\/de\/#\/schema\/logo\/image\/","url":"https:\/\/pavecommute.app\/wp-content\/uploads\/2022\/03\/Pave_Logo_Icon-1.png","contentUrl":"https:\/\/pavecommute.app\/wp-content\/uploads\/2022\/03\/Pave_Logo_Icon-1.png","width":432,"height":432,"caption":"Pave Commute"},"image":{"@id":"https:\/\/pavecommute.app\/de\/#\/schema\/logo\/image\/"},"sameAs":["https:\/\/www.linkedin.com\/showcase\/pave-commute-app"]}]}},"_links":{"self":[{"href":"https:\/\/pavecommute.app\/de\/wp-json\/wp\/v2\/pages\/18240","targetHints":{"allow":["GET"]}}],"collection":[{"href":"https:\/\/pavecommute.app\/de\/wp-json\/wp\/v2\/pages"}],"about":[{"href":"https:\/\/pavecommute.app\/de\/wp-json\/wp\/v2\/types\/page"}],"author":[{"embeddable":true,"href":"https:\/\/pavecommute.app\/de\/wp-json\/wp\/v2\/users\/215930803"}],"replies":[{"embeddable":true,"href":"https:\/\/pavecommute.app\/de\/wp-json\/wp\/v2\/comments?post=18240"}],"version-history":[{"count":1,"href":"https:\/\/pavecommute.app\/de\/wp-json\/wp\/v2\/pages\/18240\/revisions"}],"predecessor-version":[{"id":18241,"href":"https:\/\/pavecommute.app\/de\/wp-json\/wp\/v2\/pages\/18240\/revisions\/18241"}],"wp:attachment":[{"href":"https:\/\/pavecommute.app\/de\/wp-json\/wp\/v2\/media?parent=18240"}],"curies":[{"name":"wp","href":"https:\/\/api.w.org\/{rel}","templated":true}]}}