{"id":16903,"date":"2024-05-06T00:16:20","date_gmt":"2024-05-06T07:16:20","guid":{"rendered":"https:\/\/pavecommute.app\/carployee\/"},"modified":"2024-07-08T01:30:40","modified_gmt":"2024-07-08T08:30:40","slug":"carployee","status":"publish","type":"page","link":"https:\/\/pavecommute.app\/de\/carployee\/","title":{"rendered":"Carployee"},"content":{"rendered":"\t\t<div data-elementor-type=\"wp-page\" data-elementor-id=\"16903\" class=\"elementor elementor-16903 elementor-16864\" data-elementor-settings=\"{&quot;ha_cmc_init_switcher&quot;:&quot;no&quot;}\" data-elementor-post-type=\"page\">\n\t\t\t\t<div class=\"elementor-element elementor-element-eda4e3b e-flex e-con-boxed e-con e-parent\" data-id=\"eda4e3b\" data-element_type=\"container\">\n\t\t\t\t\t<div class=\"e-con-inner\">\n\t\t\t\t<div class=\"elementor-element elementor-element-6d859f6 elementor-widget elementor-widget-image\" data-id=\"6d859f6\" data-element_type=\"widget\" data-widget_type=\"image.default\">\n\t\t\t\t<div class=\"elementor-widget-container\">\n\t\t\t\t\t\t\t\t\t\t\t\t\t\t\t<img fetchpriority=\"high\" decoding=\"async\" width=\"466\" height=\"214\" src=\"https:\/\/pavecommute.app\/wp-content\/uploads\/2024\/05\/Carployee-PaveCommute.png\" class=\"attachment-full size-full wp-image-16868\" alt=\"\" srcset=\"https:\/\/pavecommute.app\/wp-content\/uploads\/2024\/05\/Carployee-PaveCommute.png 466w, https:\/\/pavecommute.app\/wp-content\/uploads\/2024\/05\/Carployee-PaveCommute-300x138.png 300w\" sizes=\"(max-width: 466px) 100vw, 466px\" \/>\t\t\t\t\t\t\t\t\t\t\t\t\t\t\t<\/div>\n\t\t\t\t<\/div>\n\t\t\t\t<div class=\"elementor-element elementor-element-df952d4 elementor-widget elementor-widget-heading\" data-id=\"df952d4\" data-element_type=\"widget\" data-widget_type=\"heading.default\">\n\t\t\t\t<div class=\"elementor-widget-container\">\n\t\t\t\t\t<h1 class=\"elementor-heading-title elementor-size-default\">Carployee wird zu Pave Commute<\/h1>\t\t\t\t<\/div>\n\t\t\t\t<\/div>\n\t\t\t\t<div class=\"elementor-element elementor-element-e9084f2 elementor-widget elementor-widget-text-editor\" data-id=\"e9084f2\" data-element_type=\"widget\" data-widget_type=\"text-editor.default\">\n\t\t\t\t<div class=\"elementor-widget-container\">\n\t\t\t\t\t\t\t\t\t<p>Jetzt noch mehr Vorteile mit der neuen Pave Commute App genie\u00dfen:<\/p>\n\t\t\t\t\t\t\t\t<\/div>\n\t\t\t\t<\/div>\n\t\t\t\t<div class=\"elementor-element elementor-element-fcfbed0 elementor-align-left elementor-icon-list--layout-traditional elementor-list-item-link-full_width elementor-widget elementor-widget-icon-list\" data-id=\"fcfbed0\" data-element_type=\"widget\" data-widget_type=\"icon-list.default\">\n\t\t\t\t<div class=\"elementor-widget-container\">\n\t\t\t\t\t\t\t<ul class=\"elementor-icon-list-items\">\n\t\t\t\t\t\t\t<li class=\"elementor-icon-list-item\">\n\t\t\t\t\t\t\t\t\t\t\t<span class=\"elementor-icon-list-icon\">\n\t\t\t\t\t\t\t<svg xmlns=\"http:\/\/www.w3.org\/2000\/svg\" width=\"35\" height=\"36\" viewBox=\"0 0 35 36\" fill=\"none\"><path d=\"M32.0827 30.6388C32.0827 32.7777 30.3327 34.5277 28.1938 34.5277H6.8049C4.66602 34.5277 2.91602 32.7777 2.91602 30.6388V14.1111C2.91602 11.9722 4.66602 10.2222 6.8049 10.2222H28.1938C30.3327 10.2222 32.0827 11.9722 32.0827 14.1111V30.6388Z\" fill=\"#FDD888\"><\/path><path d=\"M35 11.1946C35 13.3334 33.25 15.0834 31.1111 15.0834H3.88889C1.75 15.0834 0 13.3334 0 11.1946C0 9.05566 1.75 7.30566 3.88889 7.30566H31.1111C33.25 7.30566 35 9.05566 35 11.1946Z\" fill=\"#FDD888\"><\/path><path d=\"M2.91602 15.0835H32.0827V17.0279H2.91602V15.0835Z\" fill=\"#FCAB40\"><\/path><path d=\"M18.4724 3.4165H16.528C14.917 3.4165 13.6113 4.7222 13.6113 6.33317V34.5276H21.3891V6.33317C21.3891 4.72317 20.0834 3.4165 18.4724 3.4165Z\" fill=\"#DA2F47\"><\/path><path d=\"M15.5561 7.3055C16.6255 7.3055 16.784 6.80384 15.907 6.19036L9.37176 1.61508C8.49482 1.00161 7.34468 1.25925 6.81385 2.18772L4.85385 5.61772C4.32301 6.5462 4.7644 7.3055 5.83385 7.3055H15.5561ZM19.445 7.3055C18.3755 7.3055 18.217 6.80384 19.094 6.19036L25.6302 1.61508C26.5062 1.00161 27.6573 1.25925 28.1882 2.18772L30.1482 5.61675C30.678 6.5462 30.2366 7.3055 29.1672 7.3055H19.445Z\" fill=\"#DA2F47\"><\/path><\/svg>\t\t\t\t\t\t<\/span>\n\t\t\t\t\t\t\t\t\t\t<span class=\"elementor-icon-list-text\">Nachhaltige Mobilit\u00e4t deines Teams f\u00f6rdern und belohnen<\/span>\n\t\t\t\t\t\t\t\t\t<\/li>\n\t\t\t\t\t\t\t\t<li class=\"elementor-icon-list-item\">\n\t\t\t\t\t\t\t\t\t\t\t<span class=\"elementor-icon-list-icon\">\n\t\t\t\t\t\t\t<svg xmlns=\"http:\/\/www.w3.org\/2000\/svg\" width=\"35\" height=\"36\" viewBox=\"0 0 35 36\" fill=\"none\"><path d=\"M30.1398 2.44434H4.86198C3.25101 2.44434 1.94531 3.75003 1.94531 5.361V30.6388C1.94531 32.2498 3.25101 33.5554 4.86198 33.5554H30.1398C31.7507 33.5554 33.0564 32.2498 33.0564 30.6388V5.361C33.0564 3.75003 31.7507 2.44434 30.1398 2.44434Z\" fill=\"#CCD6DD\"><\/path><path d=\"M30.1393 1.47217H4.86155C2.71391 1.47217 0.972656 3.21342 0.972656 5.36106V30.6388C0.972656 32.7865 2.71391 34.5277 4.86155 34.5277H30.1393C32.287 34.5277 34.0282 32.7865 34.0282 30.6388V5.36106C34.0282 3.21342 32.287 1.47217 30.1393 1.47217ZM30.1393 3.41661C31.2117 3.41661 32.0838 4.2887 32.0838 5.36106V9.24995H26.2504V3.41661H30.1393ZM26.2504 18.9722H32.0838V24.8055H26.2504V18.9722ZM26.2504 17.0277V11.1944H32.0838V17.0277H26.2504ZM24.306 3.41661V9.24995H18.4727V3.41661H24.306ZM18.4727 11.1944H24.306V17.0277H18.4727V11.1944ZM18.4727 18.9722H24.306V24.8055H18.4727V18.9722ZM16.5282 3.41661V9.24995H10.6949V3.41661H16.5282ZM10.6949 11.1944H16.5282V17.0277H10.6949V11.1944ZM10.6949 18.9722H16.5282V24.8055H10.6949V18.9722ZM2.9171 5.36106C2.9171 4.2887 3.78918 3.41661 4.86155 3.41661H8.75043V9.24995H2.9171V5.36106ZM2.9171 11.1944H8.75043V17.0277H2.9171V11.1944ZM2.9171 18.9722H8.75043V24.8055H2.9171V18.9722ZM4.86155 32.5833C3.78918 32.5833 2.9171 31.7112 2.9171 30.6388V26.7499H8.75043V32.5833H4.86155ZM10.6949 32.5833V26.7499H16.5282V32.5833H10.6949ZM18.4727 32.5833V26.7499H24.306V32.5833H18.4727ZM30.1393 32.5833H26.2504V26.7499H32.0838V30.6388C32.0838 31.7112 31.2117 32.5833 30.1393 32.5833Z\" fill=\"#E1E8ED\"><\/path><path d=\"M12.638 32.5835H6.80469V16.0558C6.80469 14.9824 7.6758 14.1113 8.74913 14.1113H10.6936C11.7669 14.1113 12.638 14.9824 12.638 16.0558V32.5835Z\" fill=\"#5C913B\"><\/path><path d=\"M28.1947 32.5834H22.3613V9.25011C22.3613 8.17678 23.2324 7.30566 24.3058 7.30566H26.2502C27.3236 7.30566 28.1947 8.17678 28.1947 9.25011V32.5834Z\" fill=\"#3B94D9\"><\/path><path d=\"M20.4173 32.5832H14.584V22.8609C14.584 21.7876 15.4551 20.9165 16.5284 20.9165H18.4729C19.5462 20.9165 20.4173 21.7876 20.4173 22.8609V32.5832Z\" fill=\"#DD2E44\"><\/path><\/svg>\t\t\t\t\t\t<\/span>\n\t\t\t\t\t\t\t\t\t\t<span class=\"elementor-icon-list-text\">Gleichgesinnte zusammenbringen und den Zusammenhalt st\u00e4rken<\/span>\n\t\t\t\t\t\t\t\t\t<\/li>\n\t\t\t\t\t\t\t\t<li class=\"elementor-icon-list-item\">\n\t\t\t\t\t\t\t\t\t\t\t<span class=\"elementor-icon-list-icon\">\n\t\t\t\t\t\t\t<svg xmlns=\"http:\/\/www.w3.org\/2000\/svg\" width=\"35\" height=\"36\" viewBox=\"0 0 35 36\" fill=\"none\"><g clip-path=\"url(#clip0_7285_17663)\"><path d=\"M0.972656 17.0277L8.75043 10.2222L24.306 11.1944L25.2782 26.7499L18.4727 34.5277C18.4727 34.5277 18.4736 28.6954 12.6393 22.8611C6.80502 17.0268 0.972656 17.0277 0.972656 17.0277Z\" fill=\"#A0041E\"><\/path><path d=\"M0.945331 34.528C0.945331 34.528 0.910331 26.7706 3.84741 23.8335C6.7845 20.8964 14.5827 21.0987 14.5827 21.0987C14.5827 21.0987 14.5817 28.6946 11.6651 31.6113C8.74839 34.528 0.945331 34.528 0.945331 34.528V34.528Z\" fill=\"#FFAC33\"><\/path><path d=\"M8.74826 30.6391C10.896 30.6391 12.6372 28.898 12.6372 26.7502C12.6372 24.6024 10.896 22.8613 8.74826 22.8613C6.60049 22.8613 4.85938 24.6024 4.85938 26.7502C4.85938 28.898 6.60049 30.6391 8.74826 30.6391Z\" fill=\"#FFCC4D\"><\/path><path d=\"M34.9993 0.5C34.9993 0.5 25.2771 0.5 13.6104 10.2222C7.77708 15.0833 7.77708 23.8333 9.72152 25.7778C11.666 27.7222 20.416 27.7222 25.2771 21.8889C34.9993 10.2222 34.9993 0.5 34.9993 0.5Z\" fill=\"#55ACEE\"><\/path><path d=\"M26.2488 5.36133C24.6709 5.36133 23.3195 6.30536 22.709 7.65577C23.197 7.43508 23.7347 7.30577 24.3044 7.30577C26.452 7.30577 28.1933 9.04702 28.1933 11.1947C28.1933 11.7644 28.064 12.302 27.8443 12.7891C29.1947 12.1795 30.1377 10.8281 30.1377 9.25022C30.1377 7.10258 28.3965 5.36133 26.2488 5.36133V5.36133Z\" fill=\"black\"><\/path><path d=\"M7.77734 27.7222C7.77734 27.7222 7.77734 23.8334 8.74957 22.8611C9.72179 21.8889 21.3894 12.1677 22.3607 13.1389C23.3319 14.1102 13.6097 25.7778 12.6375 26.75C11.6653 27.7222 7.77734 27.7222 7.77734 27.7222Z\" fill=\"#A0041E\"><\/path><\/g><defs><clipPath id=\"clip0_7285_17663\"><rect width=\"35\" height=\"35\" fill=\"white\" transform=\"translate(0 0.5)\"><\/rect><\/clipPath><\/defs><\/svg>\t\t\t\t\t\t<\/span>\n\t\t\t\t\t\t\t\t\t\t<span class=\"elementor-icon-list-text\">Eine wertsch\u00e4tzende Unternehmenskultur schaffen und Talente anziehen<\/span>\n\t\t\t\t\t\t\t\t\t<\/li>\n\t\t\t\t\t\t<\/ul>\n\t\t\t\t\t\t<\/div>\n\t\t\t\t<\/div>\n\t\t\t\t<div class=\"elementor-element elementor-element-71a403c elementor-align-center elementor-widget elementor-widget-button\" data-id=\"71a403c\" data-element_type=\"widget\" data-widget_type=\"button.default\">\n\t\t\t\t<div class=\"elementor-widget-container\">\n\t\t\t\t\t\t\t\t\t<div class=\"elementor-button-wrapper\">\n\t\t\t\t\t<a class=\"elementor-button elementor-button-link elementor-size-sm\" href=\"https:\/\/pavecommute.app\/de\/\">\n\t\t\t\t\t\t<span class=\"elementor-button-content-wrapper\">\n\t\t\t\t\t\t\t\t\t<span class=\"elementor-button-text\">Mehr Informationen<\/span>\n\t\t\t\t\t<\/span>\n\t\t\t\t\t<\/a>\n\t\t\t\t<\/div>\n\t\t\t\t\t\t\t\t<\/div>\n\t\t\t\t<\/div>\n\t\t\t\t\t<\/div>\n\t\t\t\t<\/div>\n\t\t\t\t<\/div>\n\t\t","protected":false},"excerpt":{"rendered":"Carployee wird zu Pave Commute Jetzt noch mehr Vorteile mit der neuen Pave Commute App genie\u00dfen: Nachhaltige Mobilit\u00e4t deines Teams f\u00f6rdern und belohnen Gleichgesinnte zusammenbringen und den Zusammenhalt st\u00e4rken Eine wertsch\u00e4tzende Unternehmenskultur schaffen und Talente anziehen Mehr Informationen","protected":false},"author":215930803,"featured_media":0,"parent":0,"menu_order":0,"comment_status":"closed","ping_status":"closed","template":"","meta":{"_acf_changed":false,"footnotes":""},"class_list":["post-16903","page","type-page","status-publish","hentry"],"acf":[],"yoast_head":"<!-- This site is optimized with the Yoast SEO plugin v26.5 - https:\/\/yoast.com\/wordpress\/plugins\/seo\/ -->\n<title>Carployee - Pave Commute<\/title>\n<meta name=\"robots\" content=\"index, follow, max-snippet:-1, max-image-preview:large, max-video-preview:-1\" \/>\n<link rel=\"canonical\" href=\"https:\/\/pavecommute.app\/de\/carployee\/\" \/>\n<meta property=\"og:locale\" content=\"de_DE\" \/>\n<meta property=\"og:type\" content=\"article\" \/>\n<meta property=\"og:title\" content=\"Carployee - Pave Commute\" \/>\n<meta property=\"og:description\" content=\"Carployee wird zu Pave Commute Jetzt noch mehr Vorteile mit der neuen Pave Commute App genie\u00dfen: Nachhaltige Mobilit\u00e4t deines Teams f\u00f6rdern und belohnen Gleichgesinnte zusammenbringen und den Zusammenhalt st\u00e4rken Eine wertsch\u00e4tzende Unternehmenskultur schaffen und Talente anziehen Mehr Informationen\" \/>\n<meta property=\"og:url\" content=\"https:\/\/pavecommute.app\/de\/carployee\/\" \/>\n<meta property=\"og:site_name\" content=\"Pave Commute\" \/>\n<meta property=\"article:modified_time\" content=\"2024-07-08T08:30:40+00:00\" \/>\n<meta property=\"og:image\" content=\"https:\/\/pavecommute.app\/wp-content\/uploads\/2024\/05\/Carployee-PaveCommute.png\" \/>\n<meta name=\"twitter:card\" content=\"summary_large_image\" \/>\n<script type=\"application\/ld+json\" class=\"yoast-schema-graph\">{\"@context\":\"https:\/\/schema.org\",\"@graph\":[{\"@type\":\"WebPage\",\"@id\":\"https:\/\/pavecommute.app\/de\/carployee\/\",\"url\":\"https:\/\/pavecommute.app\/de\/carployee\/\",\"name\":\"Carployee - Pave Commute\",\"isPartOf\":{\"@id\":\"https:\/\/pavecommute.app\/de\/#website\"},\"primaryImageOfPage\":{\"@id\":\"https:\/\/pavecommute.app\/de\/carployee\/#primaryimage\"},\"image\":{\"@id\":\"https:\/\/pavecommute.app\/de\/carployee\/#primaryimage\"},\"thumbnailUrl\":\"https:\/\/pavecommute.app\/wp-content\/uploads\/2024\/05\/Carployee-PaveCommute.png\",\"datePublished\":\"2024-05-06T07:16:20+00:00\",\"dateModified\":\"2024-07-08T08:30:40+00:00\",\"breadcrumb\":{\"@id\":\"https:\/\/pavecommute.app\/de\/carployee\/#breadcrumb\"},\"inLanguage\":\"de\",\"potentialAction\":[{\"@type\":\"ReadAction\",\"target\":[\"https:\/\/pavecommute.app\/de\/carployee\/\"]}]},{\"@type\":\"ImageObject\",\"inLanguage\":\"de\",\"@id\":\"https:\/\/pavecommute.app\/de\/carployee\/#primaryimage\",\"url\":\"https:\/\/pavecommute.app\/wp-content\/uploads\/2024\/05\/Carployee-PaveCommute.png\",\"contentUrl\":\"https:\/\/pavecommute.app\/wp-content\/uploads\/2024\/05\/Carployee-PaveCommute.png\"},{\"@type\":\"BreadcrumbList\",\"@id\":\"https:\/\/pavecommute.app\/de\/carployee\/#breadcrumb\",\"itemListElement\":[{\"@type\":\"ListItem\",\"position\":1,\"name\":\"Home\",\"item\":\"https:\/\/pavecommute.app\/de\/\"},{\"@type\":\"ListItem\",\"position\":2,\"name\":\"Carployee\"}]},{\"@type\":\"WebSite\",\"@id\":\"https:\/\/pavecommute.app\/de\/#website\",\"url\":\"https:\/\/pavecommute.app\/de\/\",\"name\":\"Pave Commute\",\"description\":\"\",\"publisher\":{\"@id\":\"https:\/\/pavecommute.app\/de\/#organization\"},\"potentialAction\":[{\"@type\":\"SearchAction\",\"target\":{\"@type\":\"EntryPoint\",\"urlTemplate\":\"https:\/\/pavecommute.app\/de\/?s={search_term_string}\"},\"query-input\":{\"@type\":\"PropertyValueSpecification\",\"valueRequired\":true,\"valueName\":\"search_term_string\"}}],\"inLanguage\":\"de\"},{\"@type\":\"Organization\",\"@id\":\"https:\/\/pavecommute.app\/de\/#organization\",\"name\":\"Pave Commute\",\"url\":\"https:\/\/pavecommute.app\/de\/\",\"logo\":{\"@type\":\"ImageObject\",\"inLanguage\":\"de\",\"@id\":\"https:\/\/pavecommute.app\/de\/#\/schema\/logo\/image\/\",\"url\":\"https:\/\/pavecommute.app\/wp-content\/uploads\/2022\/03\/Pave_Logo_Icon-1.png\",\"contentUrl\":\"https:\/\/pavecommute.app\/wp-content\/uploads\/2022\/03\/Pave_Logo_Icon-1.png\",\"width\":432,\"height\":432,\"caption\":\"Pave Commute\"},\"image\":{\"@id\":\"https:\/\/pavecommute.app\/de\/#\/schema\/logo\/image\/\"},\"sameAs\":[\"https:\/\/www.linkedin.com\/showcase\/pave-commute-app\"]}]}<\/script>\n<!-- \/ Yoast SEO plugin. -->","yoast_head_json":{"title":"Carployee - Pave Commute","robots":{"index":"index","follow":"follow","max-snippet":"max-snippet:-1","max-image-preview":"max-image-preview:large","max-video-preview":"max-video-preview:-1"},"canonical":"https:\/\/pavecommute.app\/de\/carployee\/","og_locale":"de_DE","og_type":"article","og_title":"Carployee - Pave Commute","og_description":"Carployee wird zu Pave Commute Jetzt noch mehr Vorteile mit der neuen Pave Commute App genie\u00dfen: Nachhaltige Mobilit\u00e4t deines Teams f\u00f6rdern und belohnen Gleichgesinnte zusammenbringen und den Zusammenhalt st\u00e4rken Eine wertsch\u00e4tzende Unternehmenskultur schaffen und Talente anziehen Mehr Informationen","og_url":"https:\/\/pavecommute.app\/de\/carployee\/","og_site_name":"Pave Commute","article_modified_time":"2024-07-08T08:30:40+00:00","og_image":[{"url":"https:\/\/pavecommute.app\/wp-content\/uploads\/2024\/05\/Carployee-PaveCommute.png","type":"","width":"","height":""}],"twitter_card":"summary_large_image","schema":{"@context":"https:\/\/schema.org","@graph":[{"@type":"WebPage","@id":"https:\/\/pavecommute.app\/de\/carployee\/","url":"https:\/\/pavecommute.app\/de\/carployee\/","name":"Carployee - Pave Commute","isPartOf":{"@id":"https:\/\/pavecommute.app\/de\/#website"},"primaryImageOfPage":{"@id":"https:\/\/pavecommute.app\/de\/carployee\/#primaryimage"},"image":{"@id":"https:\/\/pavecommute.app\/de\/carployee\/#primaryimage"},"thumbnailUrl":"https:\/\/pavecommute.app\/wp-content\/uploads\/2024\/05\/Carployee-PaveCommute.png","datePublished":"2024-05-06T07:16:20+00:00","dateModified":"2024-07-08T08:30:40+00:00","breadcrumb":{"@id":"https:\/\/pavecommute.app\/de\/carployee\/#breadcrumb"},"inLanguage":"de","potentialAction":[{"@type":"ReadAction","target":["https:\/\/pavecommute.app\/de\/carployee\/"]}]},{"@type":"ImageObject","inLanguage":"de","@id":"https:\/\/pavecommute.app\/de\/carployee\/#primaryimage","url":"https:\/\/pavecommute.app\/wp-content\/uploads\/2024\/05\/Carployee-PaveCommute.png","contentUrl":"https:\/\/pavecommute.app\/wp-content\/uploads\/2024\/05\/Carployee-PaveCommute.png"},{"@type":"BreadcrumbList","@id":"https:\/\/pavecommute.app\/de\/carployee\/#breadcrumb","itemListElement":[{"@type":"ListItem","position":1,"name":"Home","item":"https:\/\/pavecommute.app\/de\/"},{"@type":"ListItem","position":2,"name":"Carployee"}]},{"@type":"WebSite","@id":"https:\/\/pavecommute.app\/de\/#website","url":"https:\/\/pavecommute.app\/de\/","name":"Pave Commute","description":"","publisher":{"@id":"https:\/\/pavecommute.app\/de\/#organization"},"potentialAction":[{"@type":"SearchAction","target":{"@type":"EntryPoint","urlTemplate":"https:\/\/pavecommute.app\/de\/?s={search_term_string}"},"query-input":{"@type":"PropertyValueSpecification","valueRequired":true,"valueName":"search_term_string"}}],"inLanguage":"de"},{"@type":"Organization","@id":"https:\/\/pavecommute.app\/de\/#organization","name":"Pave Commute","url":"https:\/\/pavecommute.app\/de\/","logo":{"@type":"ImageObject","inLanguage":"de","@id":"https:\/\/pavecommute.app\/de\/#\/schema\/logo\/image\/","url":"https:\/\/pavecommute.app\/wp-content\/uploads\/2022\/03\/Pave_Logo_Icon-1.png","contentUrl":"https:\/\/pavecommute.app\/wp-content\/uploads\/2022\/03\/Pave_Logo_Icon-1.png","width":432,"height":432,"caption":"Pave Commute"},"image":{"@id":"https:\/\/pavecommute.app\/de\/#\/schema\/logo\/image\/"},"sameAs":["https:\/\/www.linkedin.com\/showcase\/pave-commute-app"]}]}},"_links":{"self":[{"href":"https:\/\/pavecommute.app\/de\/wp-json\/wp\/v2\/pages\/16903","targetHints":{"allow":["GET"]}}],"collection":[{"href":"https:\/\/pavecommute.app\/de\/wp-json\/wp\/v2\/pages"}],"about":[{"href":"https:\/\/pavecommute.app\/de\/wp-json\/wp\/v2\/types\/page"}],"author":[{"embeddable":true,"href":"https:\/\/pavecommute.app\/de\/wp-json\/wp\/v2\/users\/215930803"}],"replies":[{"embeddable":true,"href":"https:\/\/pavecommute.app\/de\/wp-json\/wp\/v2\/comments?post=16903"}],"version-history":[{"count":5,"href":"https:\/\/pavecommute.app\/de\/wp-json\/wp\/v2\/pages\/16903\/revisions"}],"predecessor-version":[{"id":18410,"href":"https:\/\/pavecommute.app\/de\/wp-json\/wp\/v2\/pages\/16903\/revisions\/18410"}],"wp:attachment":[{"href":"https:\/\/pavecommute.app\/de\/wp-json\/wp\/v2\/media?parent=16903"}],"curies":[{"name":"wp","href":"https:\/\/api.w.org\/{rel}","templated":true}]}}